{"id":310,"date":"2024-03-08T15:06:22","date_gmt":"2024-03-08T15:06:22","guid":{"rendered":"https:\/\/solasido.cz\/?page_id=310"},"modified":"2024-03-17T12:35:38","modified_gmt":"2024-03-17T12:35:38","slug":"akce","status":"publish","type":"page","link":"https:\/\/solasido.cz\/?page_id=310","title":{"rendered":"Akce"},"content":{"rendered":"\n<p>Kde pr\u00e1v\u011b \u00fa\u010dinkuji.<\/p>\n\n\n\n<div class=\"wp-block-file\"><a id=\"wp-block-file--media-476b494a-e767-4cc8-9ecf-45779e821baa\" href=\"https:\/\/solasido.cz\/wp-content\/uploads\/2024\/03\/Plakat-Cibulka.jpg\">Plakat-Cibulka<\/a><a href=\"https:\/\/solasido.cz\/wp-content\/uploads\/2024\/03\/Plakat-Cibulka.jpg\" class=\"wp-block-file__button wp-element-button\" download aria-describedby=\"wp-block-file--media-476b494a-e767-4cc8-9ecf-45779e821baa\">St\u00e1hnout<\/a><\/div>\n\n\n\n<figure class=\"wp-block-image size-large\"><img loading=\"lazy\" decoding=\"async\" width=\"724\" height=\"1024\" src=\"https:\/\/solasido.cz\/wp-content\/uploads\/2024\/03\/Plakat-Cibulka-1-724x1024.jpg\" alt=\"\" class=\"wp-image-331\" srcset=\"https:\/\/solasido.cz\/wp-content\/uploads\/2024\/03\/Plakat-Cibulka-1-724x1024.jpg 724w, https:\/\/solasido.cz\/wp-content\/uploads\/2024\/03\/Plakat-Cibulka-1-212x300.jpg 212w, https:\/\/solasido.cz\/wp-content\/uploads\/2024\/03\/Plakat-Cibulka-1-768x1086.jpg 768w, https:\/\/solasido.cz\/wp-content\/uploads\/2024\/03\/Plakat-Cibulka-1-1086x1536.jpg 1086w, https:\/\/solasido.cz\/wp-content\/uploads\/2024\/03\/Plakat-Cibulka-1.jpg 1448w\" sizes=\"auto, (max-width: 724px) 100vw, 724px\" \/><\/figure>\n\n\n\n<p class=\"has-text-align-center\"><strong>V Pardubic\u00edch v\u00edme, \u017ee um\u00ed d\u011blat dobr\u00fd pern\u00edk. Tak\u00e9 tam je skv\u011bl\u00e1 restaurace Na Cibulce.<br>J\u00e1 se t\u011b\u0161\u00edm na skv\u011blou atmosf\u00e9ru, kde si nejen poslechnete hudbu ale i m\u016f\u017eete si i zatan\u010dit.<\/strong><\/p>\n","protected":false},"excerpt":{"rendered":"<div class=\"mh-excerpt\"><p>Kde pr\u00e1v\u011b \u00fa\u010dinkuji. V Pardubic\u00edch v\u00edme, \u017ee um\u00ed d\u011blat dobr\u00fd pern\u00edk. Tak\u00e9 tam je skv\u011bl\u00e1 restaurace Na Cibulce.J\u00e1 se t\u011b\u0161\u00edm na skv\u011blou atmosf\u00e9ru, kde si <a class=\"mh-excerpt-more\" href=\"https:\/\/solasido.cz\/?page_id=310\" title=\"Akce\">[&#8230;]<\/a><\/p>\n<\/div>","protected":false},"author":1,"featured_media":0,"parent":0,"menu_order":0,"comment_status":"closed","ping_status":"closed","template":"","meta":{"footnotes":""},"class_list":["post-310","page","type-page","status-publish","hentry"],"_links":{"self":[{"href":"https:\/\/solasido.cz\/index.php?rest_route=\/wp\/v2\/pages\/310","targetHints":{"allow":["GET"]}}],"collection":[{"href":"https:\/\/solasido.cz\/index.php?rest_route=\/wp\/v2\/pages"}],"about":[{"href":"https:\/\/solasido.cz\/index.php?rest_route=\/wp\/v2\/types\/page"}],"author":[{"embeddable":true,"href":"https:\/\/solasido.cz\/index.php?rest_route=\/wp\/v2\/users\/1"}],"replies":[{"embeddable":true,"href":"https:\/\/solasido.cz\/index.php?rest_route=%2Fwp%2Fv2%2Fcomments&post=310"}],"version-history":[{"count":6,"href":"https:\/\/solasido.cz\/index.php?rest_route=\/wp\/v2\/pages\/310\/revisions"}],"predecessor-version":[{"id":334,"href":"https:\/\/solasido.cz\/index.php?rest_route=\/wp\/v2\/pages\/310\/revisions\/334"}],"wp:attachment":[{"href":"https:\/\/solasido.cz\/index.php?rest_route=%2Fwp%2Fv2%2Fmedia&parent=310"}],"curies":[{"name":"wp","href":"https:\/\/api.w.org\/{rel}","templated":true}]}}