{"id":21,"date":"2020-09-25T07:54:39","date_gmt":"2020-09-25T07:54:39","guid":{"rendered":"https:\/\/solasido.cz\/?page_id=21"},"modified":"2024-03-17T11:58:48","modified_gmt":"2024-03-17T11:58:48","slug":"hudebni-produkce","status":"publish","type":"page","link":"https:\/\/solasido.cz\/?page_id=21","title":{"rendered":"Hudebn\u00ed produkce &#8211; Muzikoterapie"},"content":{"rendered":"\n<p class=\"has-text-align-center\">\u017div\u00e1 hudba na rodinn\u00fdch oslav\u00e1ch, podnikov\u00e9 ve\u010d\u00edrky, plesy a pod.<br>Ji\u017e od kv\u011btna 2021 jsem muzikoterapeut. Pro mnoh\u00e1 za\u0159\u00edzen\u00ed v soci\u00e1ln\u00edch<br>slu\u017eb\u00e1ch mohu tyto aktivity uskute\u010dnit.<br>Zde jsou videa ve kter\u00fdch uvid\u00edte a hlavn\u011b usly\u0161\u00edte \u010d\u00e1st m\u00e9ho reperto\u00e1ru.<\/p>\n\n\n\n<figure class=\"wp-block-embed is-type-video is-provider-youtube wp-block-embed-youtube wp-embed-aspect-16-9 wp-has-aspect-ratio\"><div class=\"wp-block-embed__wrapper\">\n<iframe loading=\"lazy\" title=\"\u0160\u00edpkov\u00e1 R\u016f\u017eenka Skali\u010dany\" width=\"500\" height=\"281\" src=\"https:\/\/www.youtube.com\/embed\/Lwh9ydTwyyM?feature=oembed\" frameborder=\"0\" allow=\"accelerometer; autoplay; clipboard-write; encrypted-media; gyroscope; picture-in-picture; web-share\" referrerpolicy=\"strict-origin-when-cross-origin\" allowfullscreen><\/iframe>\n<\/div><\/figure>\n\n\n\n<p>\u0160\u00edpkov\u00e1 R\u016f\u017eenka  www.ruzeskalicany.cz<\/p>\n\n\n\n<figure class=\"wp-block-embed is-type-video is-provider-youtube wp-block-embed-youtube wp-embed-aspect-16-9 wp-has-aspect-ratio\"><div class=\"wp-block-embed__wrapper\">\n<iframe loading=\"lazy\" title=\"P\u00edsni\u010dky pro tento \u010das\" width=\"500\" height=\"281\" src=\"https:\/\/www.youtube.com\/embed\/_te0K9b6ZYw?feature=oembed\" frameborder=\"0\" allow=\"accelerometer; autoplay; clipboard-write; encrypted-media; gyroscope; picture-in-picture; web-share\" referrerpolicy=\"strict-origin-when-cross-origin\" allowfullscreen><\/iframe>\n<\/div><figcaption class=\"wp-element-caption\">\u010cesk\u00e9 nejen popul\u00e1rn\u00ed hity. www.c4c.cz<\/figcaption><\/figure>\n\n\n\n<figure class=\"wp-block-embed is-type-video is-provider-youtube wp-block-embed-youtube wp-embed-aspect-16-9 wp-has-aspect-ratio\"><div class=\"wp-block-embed__wrapper\">\n<iframe loading=\"lazy\" title=\"Plakalo baby\" width=\"500\" height=\"281\" src=\"https:\/\/www.youtube.com\/embed\/o1mYoZLdmgk?feature=oembed\" frameborder=\"0\" allow=\"accelerometer; autoplay; clipboard-write; encrypted-media; gyroscope; picture-in-picture; web-share\" referrerpolicy=\"strict-origin-when-cross-origin\" allowfullscreen><\/iframe>\n<\/div><figcaption class=\"wp-element-caption\">P\u00edsni\u010dky Petra Sp\u00e1len\u00e9ho nem\u016f\u017eou chyb\u011bt.<\/figcaption><\/figure>\n\n\n\n<figure class=\"wp-block-embed is-type-video is-provider-youtube wp-block-embed-youtube wp-embed-aspect-16-9 wp-has-aspect-ratio\"><div class=\"wp-block-embed__wrapper\">\n<iframe loading=\"lazy\" title=\"\u0160edes\u00e1t\u00fd l\u00e9ta\" width=\"500\" height=\"281\" src=\"https:\/\/www.youtube.com\/embed\/mCg5HXSnao8?feature=oembed\" frameborder=\"0\" allow=\"accelerometer; autoplay; clipboard-write; encrypted-media; gyroscope; picture-in-picture; web-share\" referrerpolicy=\"strict-origin-when-cross-origin\" allowfullscreen><\/iframe>\n<\/div><figcaption class=\"wp-element-caption\">Jak to vypadalo v \u0161edes\u00e1t\u00fdch letech? Koukn\u011bte a poslechn\u011bte<\/figcaption><\/figure>\n\n\n\n<figure class=\"wp-block-embed is-type-video is-provider-youtube wp-block-embed-youtube wp-embed-aspect-16-9 wp-has-aspect-ratio\"><div class=\"wp-block-embed__wrapper\">\n<iframe loading=\"lazy\" title=\"Tenhle film V. Sodoma - P. Justich\" width=\"500\" height=\"281\" src=\"https:\/\/www.youtube.com\/embed\/xO4i9qIOFA8?feature=oembed\" frameborder=\"0\" allow=\"accelerometer; autoplay; clipboard-write; encrypted-media; gyroscope; picture-in-picture; web-share\" referrerpolicy=\"strict-origin-when-cross-origin\" allowfullscreen><\/iframe>\n<\/div><figcaption class=\"wp-element-caption\">,,Tenhle film&#8220; Jsem si nato\u010dil s \u00fa\u017easn\u00fdm Viktorem Sodomou<\/figcaption><\/figure>\n\n\n\n<figure class=\"wp-block-embed is-type-video is-provider-youtube wp-block-embed-youtube wp-embed-aspect-16-9 wp-has-aspect-ratio\"><div class=\"wp-block-embed__wrapper\">\n<iframe loading=\"lazy\" title=\"Kino Gloria - Letn\u00ed kino Makov\" width=\"500\" height=\"281\" src=\"https:\/\/www.youtube.com\/embed\/RB3EL_-i_rQ?feature=oembed\" frameborder=\"0\" allow=\"accelerometer; autoplay; clipboard-write; encrypted-media; gyroscope; picture-in-picture; web-share\" referrerpolicy=\"strict-origin-when-cross-origin\" allowfullscreen><\/iframe>\n<\/div><figcaption class=\"wp-element-caption\">,,Kino Gloria&#8220;  Jsem nato\u010dil na podporu Letn\u00edho kina v Makov\u011b<\/figcaption><\/figure>\n\n\n\n<figure class=\"wp-block-embed is-type-video is-provider-youtube wp-block-embed-youtube wp-embed-aspect-16-9 wp-has-aspect-ratio\"><div class=\"wp-block-embed__wrapper\">\n<iframe loading=\"lazy\" title=\"P\u00edse\u0148 co m\u011b u\u010dil listopad\" width=\"500\" height=\"281\" src=\"https:\/\/www.youtube.com\/embed\/Locwh1yb6dA?feature=oembed\" frameborder=\"0\" allow=\"accelerometer; autoplay; clipboard-write; encrypted-media; gyroscope; picture-in-picture; web-share\" referrerpolicy=\"strict-origin-when-cross-origin\" allowfullscreen><\/iframe>\n<\/div><figcaption class=\"wp-element-caption\">Kousek od Blatn\u00e9 je m\u00e9ho kamar\u00e1da kr\u00e1sn\u00e9 m\u00edsto k donucen\u00ed nato\u010den\u00ed tohoto klipu.<br>proto je v\u011bnovan\u00e1 jemu.  www.ruzeskalicany.cz<\/figcaption><\/figure>\n\n\n\n<figure class=\"wp-block-embed is-type-video is-provider-youtube wp-block-embed-youtube wp-embed-aspect-16-9 wp-has-aspect-ratio\"><div class=\"wp-block-embed__wrapper\">\n<iframe loading=\"lazy\" title=\"Ro\u010dn\u00edk 47 Pavel\" width=\"500\" height=\"281\" src=\"https:\/\/www.youtube.com\/embed\/EIpoRPA6Tnw?feature=oembed\" frameborder=\"0\" allow=\"accelerometer; autoplay; clipboard-write; encrypted-media; gyroscope; picture-in-picture; web-share\" referrerpolicy=\"strict-origin-when-cross-origin\" allowfullscreen><\/iframe>\n<\/div><figcaption class=\"wp-element-caption\">U kr\u00e1sn\u00e9ho jez\u00edrka kousek od Kol\u00edna m\u011b napadla tahle p\u00edse\u0148 ,,Ro\u010dn\u00edk 47&#8243;<\/figcaption><\/figure>\n\n\n\n<figure class=\"wp-block-gallery has-nested-images columns-default is-cropped wp-block-gallery-1 is-layout-flex wp-block-gallery-is-layout-flex\"><\/figure>\n\n\n\n<figure class=\"wp-block-embed is-type-video is-provider-youtube wp-block-embed-youtube wp-embed-aspect-16-9 wp-has-aspect-ratio\"><div class=\"wp-block-embed__wrapper\">\n<iframe loading=\"lazy\" title=\"Hv\u011bzdi\u010dko  bl\u00fdskav\u00e1 Pavel\" width=\"500\" height=\"281\" src=\"https:\/\/www.youtube.com\/embed\/j5pM3Xa9UlU?start=119&#038;feature=oembed\" frameborder=\"0\" allow=\"accelerometer; autoplay; clipboard-write; encrypted-media; gyroscope; picture-in-picture; web-share\" referrerpolicy=\"strict-origin-when-cross-origin\" allowfullscreen><\/iframe>\n<\/div><figcaption class=\"wp-element-caption\">Pro L\u00e1\u010fu z Koz\u00e1rovic, kter\u00fd to tam m\u00e1 jako v r\u00e1ji.<\/figcaption><\/figure>\n\n\n\n<figure class=\"wp-block-embed is-type-video is-provider-youtube wp-block-embed-youtube wp-embed-aspect-16-9 wp-has-aspect-ratio\"><div class=\"wp-block-embed__wrapper\">\n<iframe loading=\"lazy\" title=\"Oby\u010dejnej kluk\" width=\"500\" height=\"281\" src=\"https:\/\/www.youtube.com\/embed\/kSe7HBtXMNI?feature=oembed\" frameborder=\"0\" allow=\"accelerometer; autoplay; clipboard-write; encrypted-media; gyroscope; picture-in-picture; web-share\" referrerpolicy=\"strict-origin-when-cross-origin\" allowfullscreen><\/iframe>\n<\/div><figcaption class=\"wp-element-caption\">N\u00e1dhern\u00e9 klidn\u00e9 m\u00edsto pro oby\u010dejn\u00e9ho kluka.<\/figcaption><\/figure>\n\n\n\n<figure class=\"wp-block-embed is-type-video is-provider-youtube wp-block-embed-youtube wp-embed-aspect-16-9 wp-has-aspect-ratio\"><div class=\"wp-block-embed__wrapper\">\n<iframe loading=\"lazy\" title=\"LADY jm\u00e9no m\u00e1\" width=\"500\" height=\"281\" src=\"https:\/\/www.youtube.com\/embed\/RFEOP8zBaeM?start=86&#038;feature=oembed\" frameborder=\"0\" allow=\"accelerometer; autoplay; clipboard-write; encrypted-media; gyroscope; picture-in-picture; web-share\" referrerpolicy=\"strict-origin-when-cross-origin\" allowfullscreen><\/iframe>\n<\/div><figcaption class=\"wp-element-caption\">Pro moje milovan\u00e9 dcerky, kter\u00e9 miluj\u00ed kon\u011b.<\/figcaption><\/figure>\n\n\n\n<figure class=\"wp-block-embed is-type-video is-provider-youtube wp-block-embed-youtube wp-embed-aspect-16-9 wp-has-aspect-ratio\"><div class=\"wp-block-embed__wrapper\">\n<iframe loading=\"lazy\" title=\"16. b\u0159ezna 2024\" width=\"500\" height=\"281\" src=\"https:\/\/www.youtube.com\/embed\/lVCGYoXG_I0?feature=oembed\" frameborder=\"0\" allow=\"accelerometer; autoplay; clipboard-write; encrypted-media; gyroscope; picture-in-picture; web-share\" referrerpolicy=\"strict-origin-when-cross-origin\" allowfullscreen><\/iframe>\n<\/div><\/figure>\n\n\n\n<figure class=\"wp-block-embed is-type-video is-provider-youtube wp-block-embed-youtube wp-embed-aspect-16-9 wp-has-aspect-ratio\"><div class=\"wp-block-embed__wrapper\">\n<iframe loading=\"lazy\" title=\"16. b\u0159ezna 2024\" width=\"500\" height=\"281\" src=\"https:\/\/www.youtube.com\/embed\/fd4KydTLU2E?feature=oembed\" frameborder=\"0\" allow=\"accelerometer; autoplay; clipboard-write; encrypted-media; gyroscope; picture-in-picture; web-share\" referrerpolicy=\"strict-origin-when-cross-origin\" allowfullscreen><\/iframe>\n<\/div><\/figure>\n","protected":false},"excerpt":{"rendered":"<div class=\"mh-excerpt\"><p>\u017div\u00e1 hudba na rodinn\u00fdch oslav\u00e1ch, podnikov\u00e9 ve\u010d\u00edrky, plesy a pod.Ji\u017e od kv\u011btna 2021 jsem muzikoterapeut. Pro mnoh\u00e1 za\u0159\u00edzen\u00ed v soci\u00e1ln\u00edchslu\u017eb\u00e1ch mohu tyto aktivity uskute\u010dnit.Zde jsou <a class=\"mh-excerpt-more\" href=\"https:\/\/solasido.cz\/?page_id=21\" title=\"Hudebn\u00ed produkce &#8211; Muzikoterapie\">[&#8230;]<\/a><\/p>\n<\/div>","protected":false},"author":1,"featured_media":0,"parent":0,"menu_order":0,"comment_status":"closed","ping_status":"closed","template":"","meta":{"footnotes":""},"class_list":["post-21","page","type-page","status-publish","hentry"],"_links":{"self":[{"href":"https:\/\/solasido.cz\/index.php?rest_route=\/wp\/v2\/pages\/21","targetHints":{"allow":["GET"]}}],"collection":[{"href":"https:\/\/solasido.cz\/index.php?rest_route=\/wp\/v2\/pages"}],"about":[{"href":"https:\/\/solasido.cz\/index.php?rest_route=\/wp\/v2\/types\/page"}],"author":[{"embeddable":true,"href":"https:\/\/solasido.cz\/index.php?rest_route=\/wp\/v2\/users\/1"}],"replies":[{"embeddable":true,"href":"https:\/\/solasido.cz\/index.php?rest_route=%2Fwp%2Fv2%2Fcomments&post=21"}],"version-history":[{"count":22,"href":"https:\/\/solasido.cz\/index.php?rest_route=\/wp\/v2\/pages\/21\/revisions"}],"predecessor-version":[{"id":322,"href":"https:\/\/solasido.cz\/index.php?rest_route=\/wp\/v2\/pages\/21\/revisions\/322"}],"wp:attachment":[{"href":"https:\/\/solasido.cz\/index.php?rest_route=%2Fwp%2Fv2%2Fmedia&parent=21"}],"curies":[{"name":"wp","href":"https:\/\/api.w.org\/{rel}","templated":true}]}}