{"id":18,"date":"2020-09-25T07:52:52","date_gmt":"2020-09-25T07:52:52","guid":{"rendered":"https:\/\/solasido.cz\/?page_id=18"},"modified":"2021-05-17T08:40:18","modified_gmt":"2021-05-17T08:40:18","slug":"filmova-expedice-kenya","status":"publish","type":"page","link":"https:\/\/solasido.cz\/?page_id=18","title":{"rendered":"Expedice Kenya &#8211; Film"},"content":{"rendered":"\n<p>Ka\u017ed\u00fd rok se vrac\u00edm do rovn\u00edkov\u00e9 africk\u00e9 Keni, kde se sv\u00fdmi p\u0159\u00e1teli<br>nat\u00e1\u010d\u00edme filmy o zdej\u0161\u00edch lidech.<\/p>\n\n\n\n<div class=\"wp-block-columns is-layout-flex wp-container-core-columns-is-layout-1 wp-block-columns-is-layout-flex\">\n<div class=\"wp-block-column is-layout-flow wp-block-column-is-layout-flow\">\n<figure class=\"wp-block-embed is-type-video is-provider-youtube wp-block-embed-youtube wp-embed-aspect-16-9 wp-has-aspect-ratio\"><div class=\"wp-block-embed__wrapper\">\n<iframe loading=\"lazy\" title=\"Ke\u0148a - DRSN\u00c1 N\u011a\u017dN\u00c1 KE\u0147A -Trailer -\" width=\"500\" height=\"281\" src=\"https:\/\/www.youtube.com\/embed\/Ey6UkjwVvdo?feature=oembed\" frameborder=\"0\" allow=\"accelerometer; autoplay; clipboard-write; encrypted-media; gyroscope; picture-in-picture; web-share\" referrerpolicy=\"strict-origin-when-cross-origin\" allowfullscreen><\/iframe>\n<\/div><\/figure>\n\n\n\n<figure class=\"wp-block-embed is-type-video is-provider-youtube wp-block-embed-youtube wp-embed-aspect-16-9 wp-has-aspect-ratio\"><div class=\"wp-block-embed__wrapper\">\n<iframe loading=\"lazy\" title=\"Ke\u0148a KAREMBO\" width=\"500\" height=\"281\" src=\"https:\/\/www.youtube.com\/embed\/31LrVoEh050?feature=oembed\" frameborder=\"0\" allow=\"accelerometer; autoplay; clipboard-write; encrypted-media; gyroscope; picture-in-picture; web-share\" referrerpolicy=\"strict-origin-when-cross-origin\" allowfullscreen><\/iframe>\n<\/div><\/figure>\n<\/div>\n\n\n\n<div class=\"wp-block-column is-layout-flow wp-block-column-is-layout-flow\">\n<figure class=\"wp-block-embed is-type-video is-provider-youtube wp-block-embed-youtube wp-embed-aspect-16-9 wp-has-aspect-ratio\"><div class=\"wp-block-embed__wrapper\">\nhttps:\/\/www.youtube.com\/watch?v=tUO3k50a4eo\n<\/div><\/figure>\n\n\n\n<p>[print_gllr id=60 display=short]<\/p>\n<\/div>\n<\/div>\n\n\n\n<p><\/p>\n","protected":false},"excerpt":{"rendered":"<div class=\"mh-excerpt\"><p>Ka\u017ed\u00fd rok se vrac\u00edm do rovn\u00edkov\u00e9 africk\u00e9 Keni, kde se sv\u00fdmi p\u0159\u00e1telinat\u00e1\u010d\u00edme filmy o zdej\u0161\u00edch lidech. [print_gllr id=60 display=short]<\/p>\n<\/div>","protected":false},"author":1,"featured_media":0,"parent":0,"menu_order":0,"comment_status":"closed","ping_status":"closed","template":"","meta":{"footnotes":""},"class_list":["post-18","page","type-page","status-publish","hentry"],"_links":{"self":[{"href":"https:\/\/solasido.cz\/index.php?rest_route=\/wp\/v2\/pages\/18","targetHints":{"allow":["GET"]}}],"collection":[{"href":"https:\/\/solasido.cz\/index.php?rest_route=\/wp\/v2\/pages"}],"about":[{"href":"https:\/\/solasido.cz\/index.php?rest_route=\/wp\/v2\/types\/page"}],"author":[{"embeddable":true,"href":"https:\/\/solasido.cz\/index.php?rest_route=\/wp\/v2\/users\/1"}],"replies":[{"embeddable":true,"href":"https:\/\/solasido.cz\/index.php?rest_route=%2Fwp%2Fv2%2Fcomments&post=18"}],"version-history":[{"count":15,"href":"https:\/\/solasido.cz\/index.php?rest_route=\/wp\/v2\/pages\/18\/revisions"}],"predecessor-version":[{"id":295,"href":"https:\/\/solasido.cz\/index.php?rest_route=\/wp\/v2\/pages\/18\/revisions\/295"}],"wp:attachment":[{"href":"https:\/\/solasido.cz\/index.php?rest_route=%2Fwp%2Fv2%2Fmedia&parent=18"}],"curies":[{"name":"wp","href":"https:\/\/api.w.org\/{rel}","templated":true}]}}